{"id":212,"date":"2015-12-30T23:27:11","date_gmt":"2015-12-30T22:27:11","guid":{"rendered":"http:\/\/www.santantonimurle.it\/?page_id=212"},"modified":"2022-01-18T23:18:31","modified_gmt":"2022-01-18T22:18:31","slug":"articolo-sul-veses","status":"publish","type":"page","link":"https:\/\/www.santantonimurle.it\/?page_id=212","title":{"rendered":"Soria del porzel"},"content":{"rendered":"<p>La ricorrenza di Sant&#8217;Antonio Abate cade il 17 gennaio (data della sua morte avvenuta nell&#8217;anno 356). Il Santo viene rappresentato come un vecchio dalla lunga barba bianca che si sorregge ad una gruccia a forma di T e che tiene a guinzaglio un maialino con sonagliera, il notissimo porz\u00e8l de Sant&#8217;Antoni, che la leggenda popolare vuole coprotagonista attivo del Santo nelle sue varie avventure contro il demonio, cui fu rubato il fuoco infernale a favore degli uomini.<\/p>\n<p>Analogamente, il porcellino fu spesso considerato custode degli accessi infernali in cui arde il fuoco eterno, fuoco considerato generatore dell&#8217;herpes zoster, malattia pi\u00f9 nota, per l&#8217;appunto, col nome di fogo de Sant&#8217;Antoni, che un tempo veniva curata con unzioni di grasso di maiale.<\/p>\n<p>Il Santo \u00e8 considerato, nel medesimo senso, protettore sia del fuoco domestico che del maiale e di conseguenza, e pi\u00f9 genericamente, del bestiame, a Murle il giorno di S. Antoni durante la SS. Messa viene benedetto il sale che poi, mescolato nel mangiare degli animali dai contadini, mucche, galline, maiali, ecc. li protegge da malattie e quant\u2019altro.<\/p>\n<p>Taluni sostengono che l&#8217;abbinamento di <strong>Sant&#8217;Antonio<\/strong> col porcellino faccia riferimento all&#8217;allevamento di suini praticato, in origine, dai monaci Antoniani per sostenere l&#8217;ordine Ospedaliero da essi fondato. Perci\u00f2 si ipotizza che quei maiali fossero alimentati dalla pubblica carit\u00e0: ne deriverebbe l&#8217;usanza, perpetuata presso di noi sino a pochi anni or sono, del porzel\u00e9t de Sant&#8217;Antoni, maialino allevato, a beneficio del parroco, con le offerte dei paesani presso le cui case l&#8217;animale girovagava, essendo da tutti riconosciuto per portare al collo un sonoro campanello. Da questa tradizione discende poi il detto &#8220;<em>te s\u00e9 come l porz\u00e8l de Sant&#8217;Antoni<\/em>&#8220;, con cui si individua colui che non sta mai fermo e che accetta il cibo che gli viene offerto da tutti.<\/p>\n<p>&nbsp;<\/p>\n<p>&nbsp;<\/p>\n","protected":false},"excerpt":{"rendered":"<p>La ricorrenza di Sant&#8217;Antonio Abate cade il 17 gennaio (data della sua morte avvenuta nell&#8217;anno 356). Il Santo viene rappresentato come un vecchio dalla lunga barba bianca che si sorregge ad una gruccia a forma di T e che tiene a guinzaglio un maialino con sonagliera, il notissimo porz\u00e8l de Sant&#8217;Antoni, che la leggenda popolare &hellip; <a href=\"https:\/\/www.santantonimurle.it\/?page_id=212\" class=\"more-link\">Continua la lettura di <span class=\"screen-reader-text\">Soria del porzel<\/span> <span class=\"meta-nav\">&rarr;<\/span><\/a><\/p>\n","protected":false},"author":1,"featured_media":0,"parent":0,"menu_order":0,"comment_status":"closed","ping_status":"open","template":"","meta":{"footnotes":""},"class_list":["post-212","page","type-page","status-publish","hentry"],"_links":{"self":[{"href":"https:\/\/www.santantonimurle.it\/index.php?rest_route=\/wp\/v2\/pages\/212","targetHints":{"allow":["GET"]}}],"collection":[{"href":"https:\/\/www.santantonimurle.it\/index.php?rest_route=\/wp\/v2\/pages"}],"about":[{"href":"https:\/\/www.santantonimurle.it\/index.php?rest_route=\/wp\/v2\/types\/page"}],"author":[{"embeddable":true,"href":"https:\/\/www.santantonimurle.it\/index.php?rest_route=\/wp\/v2\/users\/1"}],"replies":[{"embeddable":true,"href":"https:\/\/www.santantonimurle.it\/index.php?rest_route=%2Fwp%2Fv2%2Fcomments&post=212"}],"version-history":[{"count":3,"href":"https:\/\/www.santantonimurle.it\/index.php?rest_route=\/wp\/v2\/pages\/212\/revisions"}],"predecessor-version":[{"id":249,"href":"https:\/\/www.santantonimurle.it\/index.php?rest_route=\/wp\/v2\/pages\/212\/revisions\/249"}],"wp:attachment":[{"href":"https:\/\/www.santantonimurle.it\/index.php?rest_route=%2Fwp%2Fv2%2Fmedia&parent=212"}],"curies":[{"name":"wp","href":"https:\/\/api.w.org\/{rel}","templated":true}]}}